{"id":12100,"date":"2022-05-22T19:50:28","date_gmt":"2022-05-23T02:50:28","guid":{"rendered":"https:\/\/www.titanlaw.ca\/consulta-sobre-inmigracion-empresarial\/"},"modified":"2025-02-14T11:20:41","modified_gmt":"2025-02-14T18:20:41","slug":"consulta-sobre-inmigracion-empresarial","status":"publish","type":"page","link":"https:\/\/www.titanlaw.ca\/es\/consulta-sobre-inmigracion-empresarial\/","title":{"rendered":"Consulta sobre inmigraci\u00f3n empresarial"},"content":{"rendered":"\t\t<div data-elementor-type=\"wp-page\" data-elementor-id=\"12100\" class=\"elementor elementor-12100 elementor-421\" data-elementor-post-type=\"page\">\n\t\t\t\t<div data-particle_enable=\"false\" data-particle-mobile-disabled=\"false\" class=\"elementor-element elementor-element-8c90b5a e-flex e-con-boxed e-con e-parent\" data-id=\"8c90b5a\" data-element_type=\"container\">\n\t\t\t\t\t<div class=\"e-con-inner\">\n\t\t\t\t<div class=\"elementor-element elementor-element-4ea04bb elementor-widget elementor-widget-heading\" data-id=\"4ea04bb\" data-element_type=\"widget\" data-widget_type=\"heading.default\">\n\t\t\t\t<div class=\"elementor-widget-container\">\n\t\t\t<style>\/*! elementor - v3.23.0 - 05-08-2024 *\/\n.elementor-heading-title{padding:0;margin:0;line-height:1}.elementor-widget-heading .elementor-heading-title[class*=elementor-size-]>a{color:inherit;font-size:inherit;line-height:inherit}.elementor-widget-heading .elementor-heading-title.elementor-size-small{font-size:15px}.elementor-widget-heading .elementor-heading-title.elementor-size-medium{font-size:19px}.elementor-widget-heading .elementor-heading-title.elementor-size-large{font-size:29px}.elementor-widget-heading .elementor-heading-title.elementor-size-xl{font-size:39px}.elementor-widget-heading .elementor-heading-title.elementor-size-xxl{font-size:59px}<\/style><h1 class=\"elementor-heading-title elementor-size-default\">Consulta Sobre Inmigraci\u00f3n Empresarial<\/h1>\t\t<\/div>\n\t\t\t\t<\/div>\n\t\t\t\t\t<\/div>\n\t\t\t\t<\/div>\n\t\t\t\t<section data-particle_enable=\"false\" data-particle-mobile-disabled=\"false\" class=\"elementor-section elementor-top-section elementor-element elementor-element-68031d0 elementor-section-boxed elementor-section-height-default elementor-section-height-default\" data-id=\"68031d0\" data-element_type=\"section\">\n\t\t\t\t\t\t<div class=\"elementor-container elementor-column-gap-default\">\n\t\t\t\t\t<div class=\"elementor-column elementor-col-100 elementor-top-column elementor-element elementor-element-49516b30\" data-id=\"49516b30\" data-element_type=\"column\">\n\t\t\t<div class=\"elementor-widget-wrap elementor-element-populated\">\n\t\t\t\t\t\t<div class=\"elementor-element elementor-element-6960317 elementor-widget elementor-widget-html\" data-id=\"6960317\" data-element_type=\"widget\" data-widget_type=\"html.default\">\n\t\t\t\t<div class=\"elementor-widget-container\">\n\t\t\t<!-- Calendly inline widget begin -->\n<div class=\"calendly-inline-widget\" data-url=\"https:\/\/calendly.com\/titanlawco\/free-30-minutes-immigration-eligibility-check\" style=\"min-width:320px;height:700px;\"><\/div>\n<script type=\"text\/javascript\" src=\"https:\/\/assets.calendly.com\/assets\/external\/widget.js\" async=\"\"><\/script>\n<!-- Calendly inline widget end -->\t\t<\/div>\n\t\t\t\t<\/div>\n\t\t\t\t<div class=\"elementor-element elementor-element-af39531 elementor-widget elementor-widget-text-editor\" data-id=\"af39531\" data-element_type=\"widget\" data-widget_type=\"text-editor.default\">\n\t\t\t\t<div class=\"elementor-widget-container\">\n\t\t\t<style>\/*! elementor - v3.23.0 - 05-08-2024 *\/\n.elementor-widget-text-editor.elementor-drop-cap-view-stacked .elementor-drop-cap{background-color:#69727d;color:#fff}.elementor-widget-text-editor.elementor-drop-cap-view-framed .elementor-drop-cap{color:#69727d;border:3px solid;background-color:transparent}.elementor-widget-text-editor:not(.elementor-drop-cap-view-default) .elementor-drop-cap{margin-top:8px}.elementor-widget-text-editor:not(.elementor-drop-cap-view-default) .elementor-drop-cap-letter{width:1em;height:1em}.elementor-widget-text-editor .elementor-drop-cap{float:left;text-align:center;line-height:1;font-size:50px}.elementor-widget-text-editor .elementor-drop-cap-letter{display:inline-block}<\/style>\t\t\t\t<h2 style=\"font-size: 20px;\">Descripci\u00f3n del servicio<\/h2><p> <\/p><p><style>\n<br \/><\/style><\/p><p style=\"text-indent: -18.0pt; mso-list: l0 level1 lfo1;\"> <\/p><p style=\"font-size: medium;\">El abogado realizar\u00e1 una entrevista exhaustiva para averiguar m\u00e1s cosas sobre ti y tu empresa.\nDeterminar\u00e1n si, de hecho, eres un candidato adecuado para el programa de visados Start-Up.\nEsto incluye una evaluaci\u00f3n de tu competencia ling\u00fc\u00edstica, medios econ\u00f3micos, experiencia en el sector, etc.\nSi se establece que t\u00fa o tu empresa no cumpl\u00eds los requisitos para la inmigraci\u00f3n empresarial, el abogado puede sugerir otros posibles programas para inmigrar a Canad\u00e1.     <\/p><p style=\"text-indent: -18.0pt; mso-list: l0 level1 lfo1;\"> <\/p><h2 style=\"font-size: 20px;\">Datos de contacto<\/h2><div><p><a href=\"mailto:info@titanlaw.ca\"><span style=\"color: #000000;\">info@titanlaw.ca<\/span><\/a><br>1500 West Georgia Street, Vancouver, BC V6G 2Z6, Canad\u00e1<\/p><\/div><p><style>\n<br \/>\n<\/style><\/p>\t\t\t\t\t\t<\/div>\n\t\t\t\t<\/div>\n\t\t\t\t\t<\/div>\n\t\t<\/div>\n\t\t\t\t\t<\/div>\n\t\t<\/section>\n\t\t\t\t<\/div>\n\t\t","protected":false},"excerpt":{"rendered":"<p>Consulta Sobre Inmigraci\u00f3n Empresarial Descripci\u00f3n del servicio El abogado realizar\u00e1 una entrevista exhaustiva para averiguar m\u00e1s cosas sobre ti y tu empresa. Determinar\u00e1n si, de hecho, eres un candidato adecuado para el programa de visados Start-Up. Esto incluye una evaluaci\u00f3n de tu competencia ling\u00fc\u00edstica, medios econ\u00f3micos, experiencia en el sector, etc. Si se establece que [&hellip;]<\/p>\n","protected":false},"author":1,"featured_media":0,"parent":0,"menu_order":0,"comment_status":"closed","ping_status":"closed","template":"","meta":{"content-type":"","om_disable_all_campaigns":false,"inline_featured_image":false,"_monsterinsights_skip_tracking":false,"_monsterinsights_sitenote_active":false,"_monsterinsights_sitenote_note":"","_monsterinsights_sitenote_category":0,"_uf_show_specific_survey":0,"_uf_disable_surveys":false,"footnotes":""},"class_list":["post-12100","page","type-page","status-publish","hentry"],"_links":{"self":[{"href":"https:\/\/www.titanlaw.ca\/es\/wp-json\/wp\/v2\/pages\/12100"}],"collection":[{"href":"https:\/\/www.titanlaw.ca\/es\/wp-json\/wp\/v2\/pages"}],"about":[{"href":"https:\/\/www.titanlaw.ca\/es\/wp-json\/wp\/v2\/types\/page"}],"author":[{"embeddable":true,"href":"https:\/\/www.titanlaw.ca\/es\/wp-json\/wp\/v2\/users\/1"}],"replies":[{"embeddable":true,"href":"https:\/\/www.titanlaw.ca\/es\/wp-json\/wp\/v2\/comments?post=12100"}],"version-history":[{"count":14,"href":"https:\/\/www.titanlaw.ca\/es\/wp-json\/wp\/v2\/pages\/12100\/revisions"}],"predecessor-version":[{"id":22891,"href":"https:\/\/www.titanlaw.ca\/es\/wp-json\/wp\/v2\/pages\/12100\/revisions\/22891"}],"wp:attachment":[{"href":"https:\/\/www.titanlaw.ca\/es\/wp-json\/wp\/v2\/media?parent=12100"}],"curies":[{"name":"wp","href":"https:\/\/api.w.org\/{rel}","templated":true}]}}