{"id":15141,"date":"2024-06-17T00:55:24","date_gmt":"2024-06-17T07:55:24","guid":{"rendered":"https:\/\/www.titanlaw.ca\/inmigracion-consulta-copia\/"},"modified":"2025-04-15T10:00:53","modified_gmt":"2025-04-15T17:00:53","slug":"inmigracion-consulta-copia","status":"publish","type":"page","link":"https:\/\/www.titanlaw.ca\/es\/inmigracion-consulta-copia\/","title":{"rendered":"Inmigraci\u00f3n-consulta-copia"},"content":{"rendered":"\t\t<div data-elementor-type=\"wp-page\" data-elementor-id=\"15141\" class=\"elementor elementor-15141 elementor-15123\" data-elementor-post-type=\"page\">\n\t\t\t\t\t\t<section data-particle_enable=\"false\" data-particle-mobile-disabled=\"false\" class=\"elementor-section elementor-top-section elementor-element elementor-element-58dc9eb elementor-section-boxed elementor-section-height-default elementor-section-height-default\" data-id=\"58dc9eb\" data-element_type=\"section\">\n\t\t\t\t\t\t<div class=\"elementor-container elementor-column-gap-default\">\n\t\t\t\t\t<div class=\"elementor-column elementor-col-100 elementor-top-column elementor-element elementor-element-ba20d84\" data-id=\"ba20d84\" data-element_type=\"column\">\n\t\t\t<div class=\"elementor-widget-wrap elementor-element-populated\">\n\t\t\t\t\t\t<div class=\"elementor-element elementor-element-3509579 elementor-widget elementor-widget-heading\" data-id=\"3509579\" data-element_type=\"widget\" data-widget_type=\"heading.default\">\n\t\t\t\t<div class=\"elementor-widget-container\">\n\t\t\t<style>\/*! elementor - v3.23.0 - 05-08-2024 *\/\n.elementor-heading-title{padding:0;margin:0;line-height:1}.elementor-widget-heading .elementor-heading-title[class*=elementor-size-]>a{color:inherit;font-size:inherit;line-height:inherit}.elementor-widget-heading .elementor-heading-title.elementor-size-small{font-size:15px}.elementor-widget-heading .elementor-heading-title.elementor-size-medium{font-size:19px}.elementor-widget-heading .elementor-heading-title.elementor-size-large{font-size:29px}.elementor-widget-heading .elementor-heading-title.elementor-size-xl{font-size:39px}.elementor-widget-heading .elementor-heading-title.elementor-size-xxl{font-size:59px}<\/style><h1 class=\"elementor-heading-title elementor-size-default\">Consulta sobre inmigraci\u00f3n<\/h1>\t\t<\/div>\n\t\t\t\t<\/div>\n\t\t\t\t<div class=\"elementor-element elementor-element-04c8ef5 elementor-widget elementor-widget-html\" data-id=\"04c8ef5\" data-element_type=\"widget\" data-widget_type=\"html.default\">\n\t\t\t\t<div class=\"elementor-widget-container\">\n\t\t\t<!-- Calendly inline widget begin -->\n<div class=\"calendly-inline-widget\" data-url=\"https:\/\/calendly.com\/titanlawco\/free-30-minutes-immigration-eligibility-check\" style=\"min-width:320px;height:1000px;\"><\/div>\n<script type=\"text\/javascript\" src=\"https:\/\/assets.calendly.com\/assets\/external\/widget.js\" async=\"\"><\/script>\n<!-- Calendly inline widget end -->\t\t<\/div>\n\t\t\t\t<\/div>\n\t\t\t\t\t<\/div>\n\t\t<\/div>\n\t\t\t\t\t<\/div>\n\t\t<\/section>\n\t\t\t\t<section data-particle_enable=\"false\" data-particle-mobile-disabled=\"false\" class=\"elementor-section elementor-top-section elementor-element elementor-element-0729806 elementor-section-boxed elementor-section-height-default elementor-section-height-default\" data-id=\"0729806\" data-element_type=\"section\">\n\t\t\t\t\t\t<div class=\"elementor-container elementor-column-gap-default\">\n\t\t\t\t\t<div class=\"elementor-column elementor-col-100 elementor-top-column elementor-element elementor-element-da1cb3b\" data-id=\"da1cb3b\" data-element_type=\"column\">\n\t\t\t<div class=\"elementor-widget-wrap elementor-element-populated\">\n\t\t\t\t\t\t<div class=\"elementor-element elementor-element-f1f139c elementor-widget elementor-widget-text-editor\" data-id=\"f1f139c\" data-element_type=\"widget\" data-widget_type=\"text-editor.default\">\n\t\t\t\t<div class=\"elementor-widget-container\">\n\t\t\t<style>\/*! elementor - v3.23.0 - 05-08-2024 *\/\n.elementor-widget-text-editor.elementor-drop-cap-view-stacked .elementor-drop-cap{background-color:#69727d;color:#fff}.elementor-widget-text-editor.elementor-drop-cap-view-framed .elementor-drop-cap{color:#69727d;border:3px solid;background-color:transparent}.elementor-widget-text-editor:not(.elementor-drop-cap-view-default) .elementor-drop-cap{margin-top:8px}.elementor-widget-text-editor:not(.elementor-drop-cap-view-default) .elementor-drop-cap-letter{width:1em;height:1em}.elementor-widget-text-editor .elementor-drop-cap{float:left;text-align:center;line-height:1;font-size:50px}.elementor-widget-text-editor .elementor-drop-cap-letter{display:inline-block}<\/style>\t\t\t\t<h2 style=\"font-size: 20px;\">Descripci\u00f3n del servicio<\/h2>\n<p>\u00bfEst\u00e1 pensando en emigrar a Canad\u00e1?<br \/>\nCon m\u00e1s de 60 programas de inmigraci\u00f3n disponibles, nuestro Coordinador de Inmigraci\u00f3n puede ayudarle a determinar su elegibilidad para la inmigraci\u00f3n canadiense.<br \/>\nConcierte una llamada de elegibilidad para explorar los distintos programas, seleccionar el que m\u00e1s le convenga e iniciar el proceso.  <\/p>\n<h2 style=\"font-size: 20px;\">Datos de contacto<\/h2>\n<div>\n<p><a href=\"mailto:info@titanlaw.ca\"><span style=\"color: #000000;\">info@titanlaw.ca<\/span><\/a><br \/>1500 West Georgia Street, Vancouver, BC V6G 2Z6, Canad\u00e1<\/p>\n<\/div>\n\t\t\t\t\t\t<\/div>\n\t\t\t\t<\/div>\n\t\t\t\t\t<\/div>\n\t\t<\/div>\n\t\t\t\t\t<\/div>\n\t\t<\/section>\n\t\t\t\t<\/div>\n\t\t","protected":false},"excerpt":{"rendered":"<p>Consulta sobre inmigraci\u00f3n Descripci\u00f3n del servicio \u00bfEst\u00e1 pensando en emigrar a Canad\u00e1? Con m\u00e1s de 60 programas de inmigraci\u00f3n disponibles, nuestro Coordinador de Inmigraci\u00f3n puede ayudarle a determinar su elegibilidad para la inmigraci\u00f3n canadiense. Concierte una llamada de elegibilidad para explorar los distintos programas, seleccionar el que m\u00e1s le convenga e iniciar el proceso. Datos [&hellip;]<\/p>\n","protected":false},"author":1,"featured_media":0,"parent":0,"menu_order":0,"comment_status":"closed","ping_status":"closed","template":"","meta":{"content-type":"","om_disable_all_campaigns":false,"inline_featured_image":false,"_monsterinsights_skip_tracking":false,"_monsterinsights_sitenote_active":false,"_monsterinsights_sitenote_note":"","_monsterinsights_sitenote_category":0,"_uf_show_specific_survey":0,"_uf_disable_surveys":false,"footnotes":""},"class_list":["post-15141","page","type-page","status-publish","hentry"],"_links":{"self":[{"href":"https:\/\/www.titanlaw.ca\/es\/wp-json\/wp\/v2\/pages\/15141"}],"collection":[{"href":"https:\/\/www.titanlaw.ca\/es\/wp-json\/wp\/v2\/pages"}],"about":[{"href":"https:\/\/www.titanlaw.ca\/es\/wp-json\/wp\/v2\/types\/page"}],"author":[{"embeddable":true,"href":"https:\/\/www.titanlaw.ca\/es\/wp-json\/wp\/v2\/users\/1"}],"replies":[{"embeddable":true,"href":"https:\/\/www.titanlaw.ca\/es\/wp-json\/wp\/v2\/comments?post=15141"}],"version-history":[{"count":6,"href":"https:\/\/www.titanlaw.ca\/es\/wp-json\/wp\/v2\/pages\/15141\/revisions"}],"predecessor-version":[{"id":28165,"href":"https:\/\/www.titanlaw.ca\/es\/wp-json\/wp\/v2\/pages\/15141\/revisions\/28165"}],"wp:attachment":[{"href":"https:\/\/www.titanlaw.ca\/es\/wp-json\/wp\/v2\/media?parent=15141"}],"curies":[{"name":"wp","href":"https:\/\/api.w.org\/{rel}","templated":true}]}}