{"id":26394,"date":"2025-03-31T10:43:16","date_gmt":"2025-03-31T17:43:16","guid":{"rendered":"https:\/\/www.titanlaw.ca\/aterrizajev2\/"},"modified":"2025-03-31T10:57:17","modified_gmt":"2025-03-31T17:57:17","slug":"aterrizajev2","status":"publish","type":"page","link":"https:\/\/www.titanlaw.ca\/es\/aterrizajev2\/","title":{"rendered":"aterrizajev2"},"content":{"rendered":"\t\t<div data-elementor-type=\"wp-page\" data-elementor-id=\"26394\" class=\"elementor elementor-26394 elementor-26390\" data-elementor-post-type=\"page\">\n\t\t\t\t<div data-particle_enable=\"false\" data-particle-mobile-disabled=\"false\" class=\"elementor-element elementor-element-fa2c42d e-flex e-con-boxed e-con e-parent\" data-id=\"fa2c42d\" data-element_type=\"container\" data-settings=\"{&quot;background_background&quot;:&quot;classic&quot;}\">\n\t\t\t\t\t<div class=\"e-con-inner\">\n\t\t\t\t<div class=\"elementor-element elementor-element-ecb359e elementor-widget elementor-widget-html\" data-id=\"ecb359e\" data-element_type=\"widget\" data-widget_type=\"html.default\">\n\t\t\t\t<div class=\"elementor-widget-container\">\n\t\t\t<nav class=\"navbar\">\n  <div class=\"logo\">\n    <img decoding=\"async\" src=\"ruta\/a\/tu\/logo.png\" alt=\"Logotipo\">\n    <span>TIT\u00c1N<\/span>\n  <\/div>\n  <ul class=\"nav-links\">\n    <li><a href=\"#\">Inicio<\/a><\/li>\n    <li><a href=\"#\">Sobre nosotros<\/a><\/li>\n    <li><a href=\"#\">\u00c1reas de pr\u00e1ctica<\/a><\/li>\n    <li><a href=\"#\">\u00bfPor qu\u00e9 elegirnos?<\/a><\/li>\n    <li><a href=\"#\">P\u00f3ngase en contacto con nosotros<\/a><\/li>\n  <\/ul>\n  <div class=\"contact-info\">\n    <span class=\"phone\">\n      <a href=\"tel:6049369755\">(604) 936-9755<\/a>\n    <\/span>\n  <\/div>\n<\/nav>\t\t<\/div>\n\t\t\t\t<\/div>\n\t\t\t\t\t<\/div>\n\t\t\t\t<\/div>\n\t\t\t\t<\/div>\n\t\t","protected":false},"excerpt":{"rendered":"<p>TIT\u00c1N Inicio Sobre nosotros \u00c1reas de pr\u00e1ctica \u00bfPor qu\u00e9 elegirnos? P\u00f3ngase en contacto con nosotros (604) 936-9755<\/p>\n","protected":false},"author":8,"featured_media":0,"parent":0,"menu_order":0,"comment_status":"closed","ping_status":"closed","template":"","meta":{"content-type":"","om_disable_all_campaigns":false,"inline_featured_image":false,"_monsterinsights_skip_tracking":false,"_monsterinsights_sitenote_active":false,"_monsterinsights_sitenote_note":"","_monsterinsights_sitenote_category":0,"_uf_show_specific_survey":0,"_uf_disable_surveys":false,"footnotes":""},"class_list":["post-26394","page","type-page","status-publish","hentry"],"_links":{"self":[{"href":"https:\/\/www.titanlaw.ca\/es\/wp-json\/wp\/v2\/pages\/26394"}],"collection":[{"href":"https:\/\/www.titanlaw.ca\/es\/wp-json\/wp\/v2\/pages"}],"about":[{"href":"https:\/\/www.titanlaw.ca\/es\/wp-json\/wp\/v2\/types\/page"}],"author":[{"embeddable":true,"href":"https:\/\/www.titanlaw.ca\/es\/wp-json\/wp\/v2\/users\/8"}],"replies":[{"embeddable":true,"href":"https:\/\/www.titanlaw.ca\/es\/wp-json\/wp\/v2\/comments?post=26394"}],"version-history":[{"count":4,"href":"https:\/\/www.titanlaw.ca\/es\/wp-json\/wp\/v2\/pages\/26394\/revisions"}],"predecessor-version":[{"id":26448,"href":"https:\/\/www.titanlaw.ca\/es\/wp-json\/wp\/v2\/pages\/26394\/revisions\/26448"}],"wp:attachment":[{"href":"https:\/\/www.titanlaw.ca\/es\/wp-json\/wp\/v2\/media?parent=26394"}],"curies":[{"name":"wp","href":"https:\/\/api.w.org\/{rel}","templated":true}]}}