{"id":17198,"date":"2022-05-22T19:50:28","date_gmt":"2022-05-23T02:50:28","guid":{"rendered":"https:\/\/www.titanlaw.ca\/tu-van-di-tru-kinh-doanh\/"},"modified":"2025-01-28T02:52:54","modified_gmt":"2025-01-28T09:52:54","slug":"tu-van-di-tru-kinh-doanh","status":"publish","type":"page","link":"https:\/\/www.titanlaw.ca\/vi\/tu-van-di-tru-kinh-doanh\/","title":{"rendered":"T\u01b0 v\u1ea5n di tr\u00fa kinh doanh"},"content":{"rendered":"\t\t<div data-elementor-type=\"wp-page\" data-elementor-id=\"17198\" class=\"elementor elementor-17198 elementor-421\" data-elementor-post-type=\"page\">\n\t\t\t\t<div data-particle_enable=\"false\" data-particle-mobile-disabled=\"false\" class=\"elementor-element elementor-element-d37a747 e-flex e-con-boxed e-con e-parent\" data-id=\"d37a747\" data-element_type=\"container\">\n\t\t\t\t\t<div class=\"e-con-inner\">\n\t\t\t\t<div class=\"elementor-element elementor-element-328d5d4 elementor-widget elementor-widget-heading\" data-id=\"328d5d4\" data-element_type=\"widget\" data-widget_type=\"heading.default\">\n\t\t\t\t<div class=\"elementor-widget-container\">\n\t\t\t<style>\/*! elementor - v3.23.0 - 05-08-2024 *\/\n.elementor-heading-title{padding:0;margin:0;line-height:1}.elementor-widget-heading .elementor-heading-title[class*=elementor-size-]>a{color:inherit;font-size:inherit;line-height:inherit}.elementor-widget-heading .elementor-heading-title.elementor-size-small{font-size:15px}.elementor-widget-heading .elementor-heading-title.elementor-size-medium{font-size:19px}.elementor-widget-heading .elementor-heading-title.elementor-size-large{font-size:29px}.elementor-widget-heading .elementor-heading-title.elementor-size-xl{font-size:39px}.elementor-widget-heading .elementor-heading-title.elementor-size-xxl{font-size:59px}<\/style><h1 class=\"elementor-heading-title elementor-size-default\">T\u01b0 v\u1ea5n di tr\u00fa kinh doanh<\/h1>\t\t<\/div>\n\t\t\t\t<\/div>\n\t\t\t\t\t<\/div>\n\t\t\t\t<\/div>\n\t\t\t\t<section data-particle_enable=\"false\" data-particle-mobile-disabled=\"false\" class=\"elementor-section elementor-top-section elementor-element elementor-element-68031d0 elementor-section-boxed elementor-section-height-default elementor-section-height-default\" data-id=\"68031d0\" data-element_type=\"section\">\n\t\t\t\t\t\t<div class=\"elementor-container elementor-column-gap-default\">\n\t\t\t\t\t<div class=\"elementor-column elementor-col-100 elementor-top-column elementor-element elementor-element-49516b30\" data-id=\"49516b30\" data-element_type=\"column\">\n\t\t\t<div class=\"elementor-widget-wrap elementor-element-populated\">\n\t\t\t\t\t\t<div class=\"elementor-element elementor-element-6960317 elementor-widget elementor-widget-html\" data-id=\"6960317\" data-element_type=\"widget\" data-widget_type=\"html.default\">\n\t\t\t\t<div class=\"elementor-widget-container\">\n\t\t\t<!-- Calendly inline widget begin -->\n<div class=\"calendly-inline-widget\" data-url=\"https:\/\/calendly.com\/titanlawco\/free-30-minutes-immigration-eligibility-check\" style=\"min-width:320px;height:700px;\"><\/div>\n<script type=\"text\/javascript\" src=\"https:\/\/assets.calendly.com\/assets\/external\/widget.js\" async=\"\"><\/script>\n<!-- Calendly inline widget end -->\t\t<\/div>\n\t\t\t\t<\/div>\n\t\t\t\t<div class=\"elementor-element elementor-element-af39531 elementor-widget elementor-widget-text-editor\" data-id=\"af39531\" data-element_type=\"widget\" data-widget_type=\"text-editor.default\">\n\t\t\t\t<div class=\"elementor-widget-container\">\n\t\t\t<style>\/*! elementor - v3.23.0 - 05-08-2024 *\/\n.elementor-widget-text-editor.elementor-drop-cap-view-stacked .elementor-drop-cap{background-color:#69727d;color:#fff}.elementor-widget-text-editor.elementor-drop-cap-view-framed .elementor-drop-cap{color:#69727d;border:3px solid;background-color:transparent}.elementor-widget-text-editor:not(.elementor-drop-cap-view-default) .elementor-drop-cap{margin-top:8px}.elementor-widget-text-editor:not(.elementor-drop-cap-view-default) .elementor-drop-cap-letter{width:1em;height:1em}.elementor-widget-text-editor .elementor-drop-cap{float:left;text-align:center;line-height:1;font-size:50px}.elementor-widget-text-editor .elementor-drop-cap-letter{display:inline-block}<\/style>\t\t\t\t<h2 style=\"font-size: 20px;\">M\u00f4 t\u1ea3 d\u1ecbch v\u1ee5<\/h2><p> <\/p><p><style>\n<br \/><\/style><\/p><p style=\"text-indent: -18.0pt; mso-list: l0 level1 lfo1;\"> <\/p><p style=\"font-size: medium;\">Lu\u1eadt s\u01b0 s\u1ebd ti\u1ebfn h\u00e0nh ph\u1ecfng v\u1ea5n k\u1ef9 l\u01b0\u1ee1ng \u0111\u1ec3 t\u00ecm hi\u1ec3u th\u00eam v\u1ec1 b\u1ea1n v\u00e0 doanh nghi\u1ec7p c\u1ee7a b\u1ea1n. H\u1ecd s\u1ebd x\u00e1c \u0111\u1ecbnh xem b\u1ea1n c\u00f3 th\u1ef1c s\u1ef1 l\u00e0 \u1ee9ng vi\u00ean ph\u00f9 h\u1ee3p cho ch\u01b0\u01a1ng tr\u00ecnh Visa Kh\u1edfi nghi\u1ec7p hay kh\u00f4ng. \u0110i\u1ec1u n\u00e0y bao g\u1ed3m \u0111\u00e1nh gi\u00e1 tr\u00ecnh \u0111\u1ed9 ng\u00f4n ng\u1eef, ph\u01b0\u01a1ng ti\u1ec7n t\u00e0i ch\u00ednh, kinh nghi\u1ec7m trong ng\u00e0nh, v.v. c\u1ee7a b\u1ea1n. N\u1ebfu x\u00e1c \u0111\u1ecbnh r\u1eb1ng b\u1ea1n ho\u1eb7c doanh nghi\u1ec7p c\u1ee7a b\u1ea1n kh\u00f4ng \u0111\u1ee7 \u0111i\u1ec1u ki\u1ec7n \u0111\u1ec3 nh\u1eadp c\u01b0 kinh doanh, lu\u1eadt s\u01b0 c\u00f3 th\u1ec3 \u0111\u1ec1 xu\u1ea5t c\u00e1c ch\u01b0\u01a1ng tr\u00ecnh kh\u1ea3 thi kh\u00e1c \u0111\u1ec3 nh\u1eadp c\u01b0 v\u00e0o Canada.     <\/p><p style=\"text-indent: -18.0pt; mso-list: l0 level1 lfo1;\"> <\/p><h2 style=\"font-size: 20px;\">Chi ti\u1ebft li\u00ean l\u1ea1c<\/h2><div><p><a href=\"mailto:info@titanlaw.ca\"><span style=\"color: #000000;\">info@titanlaw.ca<\/span><\/a><br> 1500 West Georgia Street, Vancouver, BC V6G 2Z6, Canada<\/p><\/div><p><style>\n<br \/>\n<\/style><\/p>\t\t\t\t\t\t<\/div>\n\t\t\t\t<\/div>\n\t\t\t\t\t<\/div>\n\t\t<\/div>\n\t\t\t\t\t<\/div>\n\t\t<\/section>\n\t\t\t\t<\/div>\n\t\t","protected":false},"excerpt":{"rendered":"<p>T\u01b0 v\u1ea5n di tr\u00fa kinh doanh M\u00f4 t\u1ea3 d\u1ecbch v\u1ee5 Lu\u1eadt s\u01b0 s\u1ebd ti\u1ebfn h\u00e0nh ph\u1ecfng v\u1ea5n k\u1ef9 l\u01b0\u1ee1ng \u0111\u1ec3 t\u00ecm hi\u1ec3u th\u00eam v\u1ec1 b\u1ea1n v\u00e0 doanh nghi\u1ec7p c\u1ee7a b\u1ea1n. H\u1ecd s\u1ebd x\u00e1c \u0111\u1ecbnh xem b\u1ea1n c\u00f3 th\u1ef1c s\u1ef1 l\u00e0 \u1ee9ng vi\u00ean ph\u00f9 h\u1ee3p cho ch\u01b0\u01a1ng tr\u00ecnh Visa Kh\u1edfi nghi\u1ec7p hay kh\u00f4ng. \u0110i\u1ec1u n\u00e0y bao [&hellip;]<\/p>\n","protected":false},"author":1,"featured_media":0,"parent":0,"menu_order":0,"comment_status":"closed","ping_status":"closed","template":"","meta":{"content-type":"","om_disable_all_campaigns":false,"inline_featured_image":false,"_monsterinsights_skip_tracking":false,"_monsterinsights_sitenote_active":false,"_monsterinsights_sitenote_note":"","_monsterinsights_sitenote_category":0,"_uf_show_specific_survey":0,"_uf_disable_surveys":false,"footnotes":""},"class_list":["post-17198","page","type-page","status-publish","hentry"],"_links":{"self":[{"href":"https:\/\/www.titanlaw.ca\/vi\/wp-json\/wp\/v2\/pages\/17198"}],"collection":[{"href":"https:\/\/www.titanlaw.ca\/vi\/wp-json\/wp\/v2\/pages"}],"about":[{"href":"https:\/\/www.titanlaw.ca\/vi\/wp-json\/wp\/v2\/types\/page"}],"author":[{"embeddable":true,"href":"https:\/\/www.titanlaw.ca\/vi\/wp-json\/wp\/v2\/users\/1"}],"replies":[{"embeddable":true,"href":"https:\/\/www.titanlaw.ca\/vi\/wp-json\/wp\/v2\/comments?post=17198"}],"version-history":[{"count":4,"href":"https:\/\/www.titanlaw.ca\/vi\/wp-json\/wp\/v2\/pages\/17198\/revisions"}],"predecessor-version":[{"id":22205,"href":"https:\/\/www.titanlaw.ca\/vi\/wp-json\/wp\/v2\/pages\/17198\/revisions\/22205"}],"wp:attachment":[{"href":"https:\/\/www.titanlaw.ca\/vi\/wp-json\/wp\/v2\/media?parent=17198"}],"curies":[{"name":"wp","href":"https:\/\/api.w.org\/{rel}","templated":true}]}}