{"id":17617,"date":"2024-02-22T01:47:19","date_gmt":"2024-02-22T08:47:19","guid":{"rendered":"https:\/\/www.titanlaw.ca\/tu-van-di-tru\/cam-on\/"},"modified":"2024-10-07T10:59:15","modified_gmt":"2024-10-07T17:59:15","slug":"cam-on","status":"publish","type":"page","link":"https:\/\/www.titanlaw.ca\/vi\/tu-van-di-tru\/cam-on\/","title":{"rendered":"C\u1ea3m \u01a1n"},"content":{"rendered":"\t\t<div data-elementor-type=\"wp-page\" data-elementor-id=\"17617\" class=\"elementor elementor-17617 elementor-9524\" data-elementor-post-type=\"page\">\n\t\t\t\t\t\t<section data-particle_enable=\"false\" data-particle-mobile-disabled=\"false\" class=\"elementor-section elementor-top-section elementor-element elementor-element-224172d2 elementor-section-height-min-height elementor-section-boxed elementor-section-height-default elementor-section-items-middle\" data-id=\"224172d2\" data-element_type=\"section\">\n\t\t\t\t\t\t<div class=\"elementor-container elementor-column-gap-default\">\n\t\t\t\t\t<div class=\"elementor-column elementor-col-100 elementor-top-column elementor-element elementor-element-32fc14f0\" data-id=\"32fc14f0\" data-element_type=\"column\">\n\t\t\t<div class=\"elementor-widget-wrap elementor-element-populated\">\n\t\t\t\t\t\t<div class=\"elementor-element elementor-element-a9929e8 elementor-widget elementor-widget-heading\" data-id=\"a9929e8\" data-element_type=\"widget\" data-widget_type=\"heading.default\">\n\t\t\t\t<div class=\"elementor-widget-container\">\n\t\t\t<style>\/*! elementor - v3.23.0 - 05-08-2024 *\/\n.elementor-heading-title{padding:0;margin:0;line-height:1}.elementor-widget-heading .elementor-heading-title[class*=elementor-size-]>a{color:inherit;font-size:inherit;line-height:inherit}.elementor-widget-heading .elementor-heading-title.elementor-size-small{font-size:15px}.elementor-widget-heading .elementor-heading-title.elementor-size-medium{font-size:19px}.elementor-widget-heading .elementor-heading-title.elementor-size-large{font-size:29px}.elementor-widget-heading .elementor-heading-title.elementor-size-xl{font-size:39px}.elementor-widget-heading .elementor-heading-title.elementor-size-xxl{font-size:59px}<\/style><h2 class=\"elementor-heading-title elementor-size-default\">C\u1ea3m \u01a1n<\/h2>\t\t<\/div>\n\t\t\t\t<\/div>\n\t\t\t\t<div class=\"elementor-element elementor-element-6b9d46b1 elementor-widget elementor-widget-text-editor\" data-id=\"6b9d46b1\" data-element_type=\"widget\" data-widget_type=\"text-editor.default\">\n\t\t\t\t<div class=\"elementor-widget-container\">\n\t\t\t<style>\/*! elementor - v3.23.0 - 05-08-2024 *\/\n.elementor-widget-text-editor.elementor-drop-cap-view-stacked .elementor-drop-cap{background-color:#69727d;color:#fff}.elementor-widget-text-editor.elementor-drop-cap-view-framed .elementor-drop-cap{color:#69727d;border:3px solid;background-color:transparent}.elementor-widget-text-editor:not(.elementor-drop-cap-view-default) .elementor-drop-cap{margin-top:8px}.elementor-widget-text-editor:not(.elementor-drop-cap-view-default) .elementor-drop-cap-letter{width:1em;height:1em}.elementor-widget-text-editor .elementor-drop-cap{float:left;text-align:center;line-height:1;font-size:50px}.elementor-widget-text-editor .elementor-drop-cap-letter{display:inline-block}<\/style>\t\t\t\t<p>C\u1ea3m \u01a1n b\u1ea1n \u0111\u00e3 \u0111\u1eb7t ch\u1ed7! Ch\u00fang t\u00f4i \u0111\u00e3 nh\u1eadn \u0111\u01b0\u1ee3c th\u00f4ng tin chi ti\u1ebft c\u1ee7a b\u1ea1n v\u00e0 email x\u00e1c nh\u1eadn \u0111ang \u0111\u01b0\u1ee3c g\u1eedi \u0111\u1ebfn b\u1ea1n. \u0110i\u1ec1u ph\u1ed1i vi\u00ean di tr\u00fa c\u1ee7a ch\u00fang t\u00f4i s\u1ebd li\u00ean h\u1ec7 v\u00e0o ng\u00e0y v\u00e0 gi\u1edd b\u1ea1n \u0111\u00e3 ch\u1ecdn.  <\/p>\n\t\t\t\t\t\t<\/div>\n\t\t\t\t<\/div>\n\t\t\t\t<div class=\"elementor-element elementor-element-e782170 elementor-widget elementor-widget-html\" data-id=\"e782170\" data-element_type=\"widget\" data-widget_type=\"html.default\">\n\t\t\t\t<div class=\"elementor-widget-container\">\n\t\t\t<script>document.addEventListener('DOMContentLoaded', function(){\n    fbq('track', 'immigration');\n});\n<\/script>\t\t<\/div>\n\t\t\t\t<\/div>\n\t\t\t\t\t<\/div>\n\t\t<\/div>\n\t\t\t\t\t<\/div>\n\t\t<\/section>\n\t\t\t\t<\/div>\n\t\t","protected":false},"excerpt":{"rendered":"<p>C\u1ea3m \u01a1n C\u1ea3m \u01a1n b\u1ea1n \u0111\u00e3 \u0111\u1eb7t ch\u1ed7! Ch\u00fang t\u00f4i \u0111\u00e3 nh\u1eadn \u0111\u01b0\u1ee3c th\u00f4ng tin chi ti\u1ebft c\u1ee7a b\u1ea1n v\u00e0 email x\u00e1c nh\u1eadn \u0111ang \u0111\u01b0\u1ee3c g\u1eedi \u0111\u1ebfn b\u1ea1n. \u0110i\u1ec1u ph\u1ed1i vi\u00ean di tr\u00fa c\u1ee7a ch\u00fang t\u00f4i s\u1ebd li\u00ean h\u1ec7 v\u00e0o ng\u00e0y v\u00e0 gi\u1edd b\u1ea1n \u0111\u00e3 ch\u1ecdn.<\/p>\n","protected":false},"author":1,"featured_media":0,"parent":17372,"menu_order":0,"comment_status":"closed","ping_status":"closed","template":"elementor_header_footer","meta":{"content-type":"","om_disable_all_campaigns":false,"inline_featured_image":false,"_monsterinsights_skip_tracking":false,"_monsterinsights_sitenote_active":false,"_monsterinsights_sitenote_note":"","_monsterinsights_sitenote_category":0,"_uf_show_specific_survey":0,"_uf_disable_surveys":false,"footnotes":""},"class_list":["post-17617","page","type-page","status-publish","hentry"],"_links":{"self":[{"href":"https:\/\/www.titanlaw.ca\/vi\/wp-json\/wp\/v2\/pages\/17617"}],"collection":[{"href":"https:\/\/www.titanlaw.ca\/vi\/wp-json\/wp\/v2\/pages"}],"about":[{"href":"https:\/\/www.titanlaw.ca\/vi\/wp-json\/wp\/v2\/types\/page"}],"author":[{"embeddable":true,"href":"https:\/\/www.titanlaw.ca\/vi\/wp-json\/wp\/v2\/users\/1"}],"replies":[{"embeddable":true,"href":"https:\/\/www.titanlaw.ca\/vi\/wp-json\/wp\/v2\/comments?post=17617"}],"version-history":[{"count":1,"href":"https:\/\/www.titanlaw.ca\/vi\/wp-json\/wp\/v2\/pages\/17617\/revisions"}],"predecessor-version":[{"id":17619,"href":"https:\/\/www.titanlaw.ca\/vi\/wp-json\/wp\/v2\/pages\/17617\/revisions\/17619"}],"up":[{"embeddable":true,"href":"https:\/\/www.titanlaw.ca\/vi\/wp-json\/wp\/v2\/pages\/17372"}],"wp:attachment":[{"href":"https:\/\/www.titanlaw.ca\/vi\/wp-json\/wp\/v2\/media?parent=17617"}],"curies":[{"name":"wp","href":"https:\/\/api.w.org\/{rel}","templated":true}]}}